{"id":989,"date":"2022-03-15T06:14:12","date_gmt":"2022-03-15T06:14:12","guid":{"rendered":"https:\/\/prep.santaceciliadeaguilar.com\/?page_id=989"},"modified":"2023-03-27T13:30:08","modified_gmt":"2023-03-27T11:30:08","slug":"contacto","status":"publish","type":"page","link":"https:\/\/santaceciliadeaguilar.com\/?page_id=989","title":{"rendered":"Contacto"},"content":{"rendered":"\t\t<div data-elementor-type=\"wp-page\" data-elementor-id=\"989\" class=\"elementor elementor-989\">\n\t\t\t\t\t\t<section class=\"elementor-section elementor-top-section elementor-element elementor-element-b34de74 elementor-section-boxed elementor-section-height-default elementor-section-height-default\" data-id=\"b34de74\" data-element_type=\"section\" data-settings=\"{&quot;background_background&quot;:&quot;classic&quot;}\">\n\t\t\t\t\t\t\t<div class=\"elementor-background-overlay\"><\/div>\n\t\t\t\t\t\t\t<div class=\"elementor-container elementor-column-gap-default\">\n\t\t\t\t\t<div class=\"elementor-column elementor-col-100 elementor-top-column elementor-element elementor-element-3742c13\" data-id=\"3742c13\" data-element_type=\"column\">\n\t\t\t<div class=\"elementor-widget-wrap elementor-element-populated\">\n\t\t\t\t\t\t<div class=\"elementor-element elementor-element-76514fe elementor-widget elementor-widget-heading\" data-id=\"76514fe\" data-element_type=\"widget\" data-widget_type=\"heading.default\">\n\t\t\t\t<div class=\"elementor-widget-container\">\n\t\t\t\t\t<h1 class=\"elementor-heading-title elementor-size-default\">Cont\u00e1ctanos<\/h1>\t\t\t\t<\/div>\n\t\t\t\t<\/div>\n\t\t\t\t\t<\/div>\n\t\t<\/div>\n\t\t\t\t\t<\/div>\n\t\t<\/section>\n\t\t\t\t<section class=\"elementor-section elementor-top-section elementor-element elementor-element-050bf45 elementor-section-full_width elementor-section-height-default elementor-section-height-default\" data-id=\"050bf45\" data-element_type=\"section\" data-settings=\"{&quot;background_background&quot;:&quot;classic&quot;}\">\n\t\t\t\t\t\t<div class=\"elementor-container elementor-column-gap-default\">\n\t\t\t\t\t<div class=\"elementor-column elementor-col-100 elementor-top-column elementor-element elementor-element-037f29f\" data-id=\"037f29f\" data-element_type=\"column\" data-settings=\"{&quot;background_background&quot;:&quot;classic&quot;}\">\n\t\t\t<div class=\"elementor-widget-wrap elementor-element-populated\">\n\t\t\t\t\t\t<section class=\"elementor-section elementor-inner-section elementor-element elementor-element-8ee58b1 elementor-section-content-middle elementor-section-boxed elementor-section-height-default elementor-section-height-default elementor-invisible\" data-id=\"8ee58b1\" data-element_type=\"section\" data-settings=\"{&quot;animation&quot;:&quot;fadeInLeft&quot;}\">\n\t\t\t\t\t\t<div class=\"elementor-container elementor-column-gap-default\">\n\t\t\t\t\t<div class=\"elementor-column elementor-col-50 elementor-inner-column elementor-element elementor-element-1a53e5c\" data-id=\"1a53e5c\" data-element_type=\"column\">\n\t\t\t<div class=\"elementor-widget-wrap elementor-element-populated\">\n\t\t\t\t\t\t<div class=\"elementor-element elementor-element-ed155b3 elementor-widget elementor-widget-text-editor\" data-id=\"ed155b3\" data-element_type=\"widget\" data-widget_type=\"text-editor.default\">\n\t\t\t\t<div class=\"elementor-widget-container\">\n\t\t\t\t\t\t\t\t\t<p><span style=\"color: #d3a430;\">Contacto<\/span><\/p>\t\t\t\t\t\t\t\t<\/div>\n\t\t\t\t<\/div>\n\t\t\t\t<div class=\"elementor-element elementor-element-eaa8123 elementor-widget elementor-widget-heading\" data-id=\"eaa8123\" data-element_type=\"widget\" data-widget_type=\"heading.default\">\n\t\t\t\t<div class=\"elementor-widget-container\">\n\t\t\t\t\t<h3 class=\"elementor-heading-title elementor-size-default\">Ponte en contacto con nosotros <img decoding=\"async\" role=\"img\" class=\"emoji\" alt=\"\u270b\" src=\"https:\/\/s.w.org\/images\/core\/emoji\/14.0.0\/svg\/270b.svg\"><\/h3>\t\t\t\t<\/div>\n\t\t\t\t<\/div>\n\t\t\t\t<div class=\"elementor-element elementor-element-66aa07b elementor-position-left elementor-vertical-align-middle elementor-view-default elementor-mobile-position-top elementor-widget elementor-widget-icon-box\" data-id=\"66aa07b\" data-element_type=\"widget\" data-widget_type=\"icon-box.default\">\n\t\t\t\t<div class=\"elementor-widget-container\">\n\t\t\t\t\t\t\t<div class=\"elementor-icon-box-wrapper\">\n\n\t\t\t\t\t\t<div class=\"elementor-icon-box-icon\">\n\t\t\t\t<span  class=\"elementor-icon\">\n\t\t\t\t<svg xmlns=\"http:\/\/www.w3.org\/2000\/svg\" xmlns:xlink=\"http:\/\/www.w3.org\/1999\/xlink\" id=\"Layer_1\" x=\"0px\" y=\"0px\" viewBox=\"0 0 283.959 283.959\" style=\"enable-background:new 0 0 283.959 283.959;\" xml:space=\"preserve\"><g>\t<g>\t\t<g>\t\t\t<polygon style=\"fill:#F9BA48;\" points=\"56.25,216.98 253.125,216.98 281.25,66.98 84.375,66.98    \"><\/polygon>\t\t<\/g>\t\t<g>\t\t\t<polygon style=\"fill:#333333;\" points=\"283.959,70.805 278.541,63.155 169.139,140.648 110.995,86.972 104.63,93.863     137.728,124.411 52.852,213.75 59.648,220.209 144.614,130.767 168.361,152.686 195.038,133.791 249.159,219.483     257.091,214.477 202.702,128.362    \"><\/polygon>\t\t\t\t\t\t\t<rect x=\"86.72\" y=\"64.068\" transform=\"matrix(0.7071 -0.7071 0.7071 0.7071 -25.562 86.3128)\" style=\"fill:#333333;\" width=\"9.375\" height=\"19.889\"><\/rect>\t\t\t<rect x=\"18.75\" y=\"90.417\" style=\"fill:#333333;\" width=\"60.938\" height=\"9.375\"><\/rect>\t\t\t<rect x=\"9.375\" y=\"137.292\" style=\"fill:#333333;\" width=\"60.938\" height=\"9.375\"><\/rect>\t\t\t<rect y=\"184.167\" style=\"fill:#333333;\" width=\"60.938\" height=\"9.375\"><\/rect>\t\t\t<rect x=\"89.063\" y=\"38.855\" style=\"fill:#333333;\" width=\"159.375\" height=\"9.375\"><\/rect>\t\t\t<rect x=\"56.25\" y=\"38.855\" style=\"fill:#333333;\" width=\"23.438\" height=\"9.375\"><\/rect>\t\t\t<rect x=\"70.313\" y=\"15.417\" style=\"fill:#333333;\" width=\"159.375\" height=\"9.375\"><\/rect>\t\t\t<rect x=\"37.5\" y=\"15.417\" style=\"fill:#333333;\" width=\"23.438\" height=\"9.375\"><\/rect>\t\t\t<rect x=\"46.875\" y=\"235.73\" style=\"fill:#333333;\" width=\"112.5\" height=\"9.375\"><\/rect>\t\t\t<rect x=\"14.063\" y=\"235.73\" style=\"fill:#333333;\" width=\"23.438\" height=\"9.375\"><\/rect>\t\t\t<rect x=\"32.813\" y=\"259.167\" style=\"fill:#333333;\" width=\"107.813\" height=\"9.375\"><\/rect>\t\t\t<rect y=\"259.167\" style=\"fill:#333333;\" width=\"23.438\" height=\"9.375\"><\/rect>\t\t<\/g>\t<\/g><\/g><g><\/g><g><\/g><g><\/g><g><\/g><g><\/g><g><\/g><g><\/g><g><\/g><g><\/g><g><\/g><g><\/g><g><\/g><g><\/g><g><\/g><g><\/g><\/svg>\t\t\t\t<\/span>\n\t\t\t<\/div>\n\t\t\t\n\t\t\t\t\t\t<div class=\"elementor-icon-box-content\">\n\n\t\t\t\t\t\t\t\t\t<h5 class=\"elementor-icon-box-title\">\n\t\t\t\t\t\t<span  >\n\t\t\t\t\t\t\tEmail\t\t\t\t\t\t<\/span>\n\t\t\t\t\t<\/h5>\n\t\t\t\t\n\t\t\t\t\t\t\t\t\t<p class=\"elementor-icon-box-description\">\n\t\t\t\t\t\tsocial@santaceciliadeaguilar.com\t\t\t\t\t<\/p>\n\t\t\t\t\n\t\t\t<\/div>\n\t\t\t\n\t\t<\/div>\n\t\t\t\t\t\t<\/div>\n\t\t\t\t<\/div>\n\t\t\t\t<div class=\"elementor-element elementor-element-4d702c6 elementor-position-left elementor-vertical-align-middle elementor-view-default elementor-mobile-position-top elementor-widget elementor-widget-icon-box\" data-id=\"4d702c6\" data-element_type=\"widget\" data-widget_type=\"icon-box.default\">\n\t\t\t\t<div class=\"elementor-widget-container\">\n\t\t\t\t\t\t\t<div class=\"elementor-icon-box-wrapper\">\n\n\t\t\t\t\t\t<div class=\"elementor-icon-box-icon\">\n\t\t\t\t<span  class=\"elementor-icon\">\n\t\t\t\t<svg xmlns=\"http:\/\/www.w3.org\/2000\/svg\" xmlns:xlink=\"http:\/\/www.w3.org\/1999\/xlink\" id=\"Layer_1\" x=\"0px\" y=\"0px\" viewBox=\"0 0 512 512\" style=\"enable-background:new 0 0 512 512;\" xml:space=\"preserve\"><path style=\"fill:#FF7F46;\" d=\"M385.294,38.365c-1.785-9.523-8.302-17.514-18.582-21.389C354.546,12.387,312.155,8.258,256,8.258 s-98.546,4.129-110.712,8.717c-10.28,3.876-16.797,11.866-18.582,21.389c-2.56,13.661-7.24,91.783-7.24,217.635 s4.68,203.974,7.24,217.635c1.785,9.523,8.302,17.514,18.582,21.389c12.166,4.588,54.557,8.717,110.712,8.717 s98.546-4.129,110.712-8.717c10.28-3.877,16.797-11.866,18.582-21.389c2.56-13.661,7.24-91.783,7.24-217.635 S387.854,52.026,385.294,38.365z\"><\/path><path style=\"fill:#A8FFFF;\" d=\"M296.051,326.136c0,7.181-5.821,13.003-13.003,13.003h-55.475c-7.181,0-13.003-5.821-13.003-13.003 v-33.454c0-7.181,5.821-13.003,13.003-13.003h55.475c7.181,0,13.003,5.821,13.003,13.003V326.136z\"><\/path><path style=\"fill:#FFFFFF;\" d=\"M355.598,224.626c0,9.121-7.395,16.516-16.516,16.516H172.918c-9.121,0-16.516-7.395-16.516-16.516 V109.788c0-9.121,7.395-16.516,16.516-16.516h166.162c9.121,0,16.516,7.395,16.516,16.516v114.838H355.598z\"><\/path><g>\t<path style=\"fill:#021729;\" d=\"M393.412,36.844L393.412,36.844c-2.388-12.739-11.058-22.797-23.787-27.596  C354.958,3.716,309.295,0,256,0s-98.958,3.716-113.624,9.248c-12.73,4.798-21.399,14.856-23.788,27.596  c-2.573,13.737-7.379,92.125-7.379,219.156s4.806,205.418,7.379,219.157c2.388,12.737,11.057,22.796,23.787,27.596  C157.044,508.284,202.707,512,256,512s98.956-3.716,113.625-9.247c12.73-4.8,21.398-14.858,23.787-27.597  c2.573-13.738,7.379-92.125,7.379-219.156S395.985,50.581,393.412,36.844z M377.178,472.114  c-1.318,7.036-6.07,12.429-13.379,15.185c-10.523,3.968-51.88,8.185-107.799,8.185s-97.276-4.217-107.797-8.185  c-7.31-2.756-12.061-8.149-13.379-15.184c-2.476-13.212-7.099-90.167-7.099-216.115s4.622-202.903,7.098-216.114  c1.318-7.036,6.07-12.428,13.379-15.184c10.523-3.969,51.879-8.187,107.799-8.187s97.276,4.217,107.799,8.186  c7.309,2.756,12.06,8.147,13.378,15.183c2.476,13.212,7.099,90.167,7.099,216.115S379.653,458.903,377.178,472.114z\"><\/path>\t<path style=\"fill:#021729;\" d=\"M205.615,368.68h-24.532c-4.562,0-8.258,3.696-8.258,8.258s3.696,8.258,8.258,8.258h24.532  c4.562,0,8.258-3.696,8.258-8.258S210.177,368.68,205.615,368.68z\"><\/path>\t<path style=\"fill:#021729;\" d=\"M329.539,368.68h-24.533c-4.562,0-8.258,3.696-8.258,8.258s3.696,8.258,8.258,8.258h24.533  c4.562,0,8.258-3.696,8.258-8.258S334.1,368.68,329.539,368.68z\"><\/path>\t<path style=\"fill:#021729;\" d=\"M205.615,406.477h-24.532c-4.562,0-8.258,3.696-8.258,8.258c0,4.562,3.696,8.258,8.258,8.258h24.532  c4.562,0,8.258-3.696,8.258-8.258C213.873,410.175,210.177,406.477,205.615,406.477z\"><\/path>\t<path style=\"fill:#021729;\" d=\"M329.539,406.477h-24.533c-4.562,0-8.258,3.696-8.258,8.258c0,4.562,3.696,8.258,8.258,8.258h24.533  c4.562,0,8.258-3.696,8.258-8.258C337.797,410.175,334.1,406.477,329.539,406.477z\"><\/path>\t<path style=\"fill:#021729;\" d=\"M205.615,444.276h-24.532c-4.562,0-8.258,3.696-8.258,8.258c0,4.562,3.696,8.258,8.258,8.258h24.532  c4.562,0,8.258-3.696,8.258-8.258C213.873,447.974,210.177,444.276,205.615,444.276z\"><\/path>\t<path style=\"fill:#021729;\" d=\"M267.578,379.69h-24.533c-4.562,0-8.258,3.696-8.258,8.258s3.696,8.258,8.258,8.258h24.533  c4.562,0,8.258-3.696,8.258-8.258S272.138,379.69,267.578,379.69z\"><\/path>\t<path style=\"fill:#021729;\" d=\"M267.578,417.488h-24.533c-4.562,0-8.258,3.696-8.258,8.258s3.696,8.258,8.258,8.258h24.533  c4.562,0,8.258-3.696,8.258-8.258C275.836,421.186,272.138,417.488,267.578,417.488z\"><\/path>\t<path style=\"fill:#021729;\" d=\"M267.578,455.287h-24.533c-4.562,0-8.258,3.696-8.258,8.258c0,4.562,3.696,8.258,8.258,8.258h24.533  c4.562,0,8.258-3.696,8.258-8.258C275.836,458.984,272.138,455.287,267.578,455.287z\"><\/path>\t<path style=\"fill:#021729;\" d=\"M329.539,444.276h-24.533c-4.562,0-8.258,3.696-8.258,8.258c0,4.562,3.696,8.258,8.258,8.258h24.533  c4.562,0,8.258-3.696,8.258-8.258C337.797,447.974,334.1,444.276,329.539,444.276z\"><\/path>\t<path style=\"fill:#021729;\" d=\"M304.309,326.136v-33.455c0-11.723-9.537-21.26-21.261-21.26h-55.475  c-11.722,0-21.261,9.536-21.261,21.26v33.455c0,11.722,9.538,21.261,21.261,21.261h55.475  C294.771,347.397,304.309,337.859,304.309,326.136z M287.792,326.136c0,2.616-2.128,4.745-4.745,4.745h-55.475  c-2.616,0-4.745-2.128-4.745-4.745v-33.455c0-2.615,2.128-4.743,4.745-4.743h55.475c2.616,0,4.745,2.128,4.745,4.743V326.136z\"><\/path>\t<path style=\"fill:#021729;\" d=\"M339.082,85.014H172.918c-13.66,0-24.774,11.114-24.774,24.774v114.839  c0,13.66,11.114,24.774,24.774,24.774h166.163c13.66,0,24.774-11.114,24.774-24.774V109.788  C363.856,96.128,352.742,85.014,339.082,85.014z M347.34,224.627c0,4.554-3.704,8.258-8.258,8.258H172.918  c-4.554,0-8.258-3.704-8.258-8.258V109.788c0-4.554,3.704-8.258,8.258-8.258h166.163c4.554,0,8.258,3.704,8.258,8.258V224.627z\"><\/path>\t<path style=\"fill:#021729;\" d=\"M239.851,56.713h32.299c4.562,0,8.258-3.696,8.258-8.258s-3.696-8.258-8.258-8.258h-32.299  c-4.562,0-8.258,3.696-8.258,8.258C231.592,53.016,235.289,56.713,239.851,56.713z\"><\/path><\/g><g><\/g><g><\/g><g><\/g><g><\/g><g><\/g><g><\/g><g><\/g><g><\/g><g><\/g><g><\/g><g><\/g><g><\/g><g><\/g><g><\/g><g><\/g><\/svg>\t\t\t\t<\/span>\n\t\t\t<\/div>\n\t\t\t\n\t\t\t\t\t\t<div class=\"elementor-icon-box-content\">\n\n\t\t\t\t\t\t\t\t\t<h5 class=\"elementor-icon-box-title\">\n\t\t\t\t\t\t<span  >\n\t\t\t\t\t\t\tTel\u00e9fono\t\t\t\t\t\t<\/span>\n\t\t\t\t\t<\/h5>\n\t\t\t\t\n\t\t\t\t\t\t\t\t\t<p class=\"elementor-icon-box-description\">\n\t\t\t\t\t\t(+34) 664 06 23 97\t\t\t\t\t<\/p>\n\t\t\t\t\n\t\t\t<\/div>\n\t\t\t\n\t\t<\/div>\n\t\t\t\t\t\t<\/div>\n\t\t\t\t<\/div>\n\t\t\t\t<div class=\"elementor-element elementor-element-0bf8e0f elementor-position-left elementor-vertical-align-middle elementor-view-default elementor-mobile-position-top elementor-widget elementor-widget-icon-box\" data-id=\"0bf8e0f\" data-element_type=\"widget\" data-widget_type=\"icon-box.default\">\n\t\t\t\t<div class=\"elementor-widget-container\">\n\t\t\t\t\t\t\t<div class=\"elementor-icon-box-wrapper\">\n\n\t\t\t\t\t\t<div class=\"elementor-icon-box-icon\">\n\t\t\t\t<span  class=\"elementor-icon\">\n\t\t\t\t<svg xmlns=\"http:\/\/www.w3.org\/2000\/svg\" xmlns:xlink=\"http:\/\/www.w3.org\/1999\/xlink\" id=\"Layer_1\" x=\"0px\" y=\"0px\" viewBox=\"0 0 512 512\" style=\"enable-background:new 0 0 512 512;\" xml:space=\"preserve\"><path style=\"fill:#FC583D;\" d=\"M427.087,136.139c-49.653-170.445-292.521-170.445-342.174,0 c-6.372,21.875-9.789,45.009-9.789,68.943c0,113.331,76.617,208.753,180.876,237.334 c104.259-28.581,180.876-124.003,180.876-237.334C436.876,181.148,433.46,158.015,427.087,136.139z\"><\/path><circle style=\"fill:#E6E6E6;\" cx=\"256.004\" cy=\"190.542\" r=\"111.287\"><\/circle><path style=\"fill:#CCCCCC;\" d=\"M193.152,190.542c0-53.142,37.252-97.576,87.065-108.631c-7.797-1.73-15.899-2.651-24.217-2.651 c-61.459,0-111.282,49.823-111.282,111.282S194.541,301.825,256,301.825c8.317,0,16.42-0.92,24.217-2.651 C230.404,288.118,193.152,243.684,193.152,190.542z\"><\/path><polygon style=\"fill:#FFCA6C;\" points=\"256,120.36 276.626,162.152 322.747,168.854 289.374,201.386 297.252,247.321 256,225.633  214.748,247.321 222.626,201.386 189.253,168.854 235.374,162.152 \"><\/polygon><path d=\"M171.475,263.393c-3.224,3.224-3.224,8.452,0,11.675c22.578,22.578,52.596,35.012,84.525,35.012 c65.914,0,119.538-53.625,119.538-119.537c0-65.914-53.625-119.538-119.538-119.538c-65.913,0-119.537,53.625-119.537,119.538 c0,16.134,3.161,31.79,9.397,46.531c1.777,4.197,6.618,6.162,10.821,4.388c4.199-1.777,6.163-6.621,4.388-10.82 c-5.37-12.695-8.093-26.187-8.093-40.1c0-56.809,46.218-103.027,103.026-103.027c56.809,0,103.027,46.218,103.027,103.027 c0,56.808-46.218,103.026-103.027,103.026c-27.519,0-53.391-10.716-72.851-30.175C179.925,260.169,174.698,260.169,171.475,263.393z \"><\/path><path d=\"M377.367,402.103c-3.781-2.549-8.912-1.553-11.461,2.226c-2.55,3.78-1.553,8.912,2.226,11.461 c8.63,5.822,18.917,15.167,18.917,26.625c0,12.722-13.075,25.773-35.872,35.809c-25.286,11.132-59.087,17.263-95.176,17.263 c-41.425,0-81.105-8.501-106.142-22.742c-3.966-2.254-9.004-0.868-11.259,3.095c-2.253,3.964-0.868,9.004,3.095,11.259 C169.518,502.924,211.18,512,256,512c38.33,0,74.493-6.628,101.828-18.662c29.491-12.982,45.73-31.067,45.73-50.921 C403.56,427.605,394.501,413.665,377.367,402.103z\"><\/path><path d=\"M164.286,405.144c26.517,20.786,57.04,36.327,89.532,45.235c0.714,0.196,1.449,0.294,2.183,0.294s1.468-0.098,2.183-0.294 c52.708-14.449,100.254-46.339,133.881-89.796c34.717-44.865,53.068-98.636,53.068-155.501c0-24.231-3.405-48.204-10.118-71.251 c-4.88-16.749-11.734-32.457-20.373-46.687c-2.366-3.899-7.443-5.139-11.341-2.773c-3.898,2.367-5.138,7.444-2.773,11.341 c7.889,12.996,14.159,27.374,18.635,42.736c6.278,21.547,9.46,43.967,9.46,66.634c0,53.173-17.156,103.451-49.615,145.395 c-30.986,40.044-74.598,69.584-123.006,83.367c-48.408-13.783-92.019-43.323-123.007-83.367 c-32.458-41.945-49.615-92.222-49.615-145.395c0-22.667,3.182-45.086,9.46-66.634C109.764,80.35,152.292,38.161,209.518,22.699 c58.787-15.884,121.672-0.713,164.116,39.589c3.306,3.139,8.532,3.004,11.671-0.302c3.14-3.307,3.004-8.532-0.302-11.672 C338.411,6.073,269.521-10.616,205.211,6.759c-62.915,17-109.651,63.316-128.225,127.071c-6.715,23.048-10.118,47.021-10.118,71.251 c0,56.865,18.351,110.637,53.068,155.501c9.128,11.795,19.286,22.73,30.29,32.703c-27.066,12.801-41.785,29.968-41.785,49.131 c0,4.5,0.853,8.988,2.535,13.339c1.266,3.275,4.391,5.28,7.702,5.28c0.99,0,1.997-0.179,2.975-0.558 c4.252-1.645,6.368-6.424,4.723-10.677c-0.946-2.445-1.424-4.93-1.424-7.385C124.952,429.031,139.566,415.271,164.286,405.144z\"><\/path><path d=\"M330.599,166.303c-0.971-2.989-3.554-5.167-6.664-5.618l-41.826-6.077l-18.705-37.901c-1.391-2.818-4.261-4.602-7.404-4.602 c-3.143,0-6.012,1.784-7.404,4.602l-18.705,37.901l-41.826,6.077c-3.11,0.451-5.693,2.63-6.664,5.618 c-0.971,2.989-0.161,6.27,2.089,8.463l30.265,29.502l-7.145,41.657c-0.531,3.098,0.742,6.228,3.285,8.075 c2.543,1.846,5.913,2.09,8.694,0.629l37.409-19.668l37.411,19.668c1.209,0.635,2.527,0.948,3.841,0.948 c1.712,0,3.416-0.532,4.853-1.576c2.543-1.847,3.815-4.978,3.285-8.075l-7.145-41.657l30.265-29.502 C330.759,172.573,331.57,169.292,330.599,166.303z M283.612,195.474c-1.946,1.897-2.834,4.63-2.374,7.308l5.05,29.448 l-26.446-13.904c-1.203-0.632-2.523-0.948-3.842-0.948c-1.319,0-2.639,0.316-3.842,0.948l-26.445,13.904l5.05-29.448 c0.459-2.678-0.428-5.411-2.374-7.308l-21.396-20.855l29.566-4.296c2.689-0.391,5.014-2.079,6.216-4.516l13.222-26.793 l13.223,26.793c1.203,2.436,3.527,4.126,6.216,4.516l29.566,4.296L283.612,195.474z\"><\/path><g><\/g><g><\/g><g><\/g><g><\/g><g><\/g><g><\/g><g><\/g><g><\/g><g><\/g><g><\/g><g><\/g><g><\/g><g><\/g><g><\/g><g><\/g><\/svg>\t\t\t\t<\/span>\n\t\t\t<\/div>\n\t\t\t\n\t\t\t\t\t\t<div class=\"elementor-icon-box-content\">\n\n\t\t\t\t\t\t\t\t\t<h5 class=\"elementor-icon-box-title\">\n\t\t\t\t\t\t<span  >\n\t\t\t\t\t\t\tDirecci\u00f3n\t\t\t\t\t\t<\/span>\n\t\t\t\t\t<\/h5>\n\t\t\t\t\n\t\t\t\t\t\t\t\t\t<p class=\"elementor-icon-box-description\">\n\t\t\t\t\t\tC. de las Cuadrillas, 14920 Aguilar de la Frontera, C\u00f3rdoba, Espa\u00f1a\t\t\t\t\t<\/p>\n\t\t\t\t\n\t\t\t<\/div>\n\t\t\t\n\t\t<\/div>\n\t\t\t\t\t\t<\/div>\n\t\t\t\t<\/div>\n\t\t\t\t\t<\/div>\n\t\t<\/div>\n\t\t\t\t<div class=\"elementor-column elementor-col-50 elementor-inner-column elementor-element elementor-element-891d1f0\" data-id=\"891d1f0\" data-element_type=\"column\" data-settings=\"{&quot;background_background&quot;:&quot;classic&quot;}\">\n\t\t\t<div class=\"elementor-widget-wrap elementor-element-populated\">\n\t\t\t\t\t\t<div class=\"elementor-element elementor-element-0d9ea5d elementor-widget elementor-widget-meafe-cf7\" data-id=\"0d9ea5d\" data-element_type=\"widget\" data-widget_type=\"meafe-cf7.default\">\n\t\t\t\t<div class=\"elementor-widget-container\">\n\t\t\t\t\t\n<div class=\"wpcf7 no-js\" id=\"wpcf7-f998-o1\" lang=\"en-US\" dir=\"ltr\" data-wpcf7-id=\"998\">\n<div class=\"screen-reader-response\"><p role=\"status\" aria-live=\"polite\" aria-atomic=\"true\"><\/p> <ul><\/ul><\/div>\n<form action=\"\/index.php?rest_route=%2Fwp%2Fv2%2Fpages%2F989#wpcf7-f998-o1\" method=\"post\" class=\"wpcf7-form init meafe-cf7-form\" aria-label=\"Contact form\" novalidate=\"novalidate\" data-status=\"init\">\n<div style=\"display: none;\">\n<input type=\"hidden\" name=\"_wpcf7\" value=\"998\" \/>\n<input type=\"hidden\" name=\"_wpcf7_version\" value=\"6.0.6\" \/>\n<input type=\"hidden\" name=\"_wpcf7_locale\" value=\"en_US\" \/>\n<input type=\"hidden\" name=\"_wpcf7_unit_tag\" value=\"wpcf7-f998-o1\" \/>\n<input type=\"hidden\" name=\"_wpcf7_container_post\" value=\"0\" \/>\n<input type=\"hidden\" name=\"_wpcf7_posted_data_hash\" value=\"\" \/>\n<input type=\"hidden\" name=\"_wpcf7_recaptcha_response\" value=\"\" \/>\n<\/div>\n<p><label> Nombre y Apellidos<br \/>\n<span class=\"wpcf7-form-control-wrap\" data-name=\"nombre\"><input size=\"40\" maxlength=\"400\" class=\"wpcf7-form-control wpcf7-text wpcf7-validates-as-required\" aria-required=\"true\" aria-invalid=\"false\" placeholder=\"Nombre y Apellidos\" value=\"\" type=\"text\" name=\"nombre\" \/><\/span> <\/label>\n<\/p>\n<p><label> Email<br \/>\n<span class=\"wpcf7-form-control-wrap\" data-name=\"email\"><input size=\"40\" maxlength=\"400\" class=\"wpcf7-form-control wpcf7-email wpcf7-validates-as-required wpcf7-text wpcf7-validates-as-email\" aria-required=\"true\" aria-invalid=\"false\" placeholder=\"Email\" value=\"\" type=\"email\" name=\"email\" \/><\/span> <\/label>\n<\/p>\n<p><label> Asunto<br \/>\n<span class=\"wpcf7-form-control-wrap\" data-name=\"asunto\"><input size=\"40\" maxlength=\"400\" class=\"wpcf7-form-control wpcf7-text wpcf7-validates-as-required\" aria-required=\"true\" aria-invalid=\"false\" placeholder=\"Asunto\" value=\"\" type=\"text\" name=\"asunto\" \/><\/span> <\/label>\n<\/p>\n<p><label> Mensaje (opcional)<br \/>\n<span class=\"wpcf7-form-control-wrap\" data-name=\"mensaje\"><textarea cols=\"40\" rows=\"10\" maxlength=\"2000\" class=\"wpcf7-form-control wpcf7-textarea wpcf7-validates-as-required\" aria-required=\"true\" aria-invalid=\"false\" placeholder=\"Tu mensaje...\" name=\"mensaje\"><\/textarea><\/span><\/label>\n<\/p>\n<p><input class=\"wpcf7-form-control wpcf7-submit has-spinner\" type=\"submit\" value=\"Enviar\" \/>\n<\/p><div class=\"wpcf7-response-output\" aria-hidden=\"true\"><\/div>\n<\/form>\n<\/div>\n\t\t\t\t<\/div>\n\t\t\t\t<\/div>\n\t\t\t\t\t<\/div>\n\t\t<\/div>\n\t\t\t\t\t<\/div>\n\t\t<\/section>\n\t\t\t\t\t<\/div>\n\t\t<\/div>\n\t\t\t\t\t<\/div>\n\t\t<\/section>\n\t\t\t\t<section class=\"elementor-section elementor-top-section elementor-element elementor-element-d97fd4f elementor-section-boxed elementor-section-height-default elementor-section-height-default elementor-invisible\" data-id=\"d97fd4f\" data-element_type=\"section\" data-settings=\"{&quot;animation&quot;:&quot;fadeInRight&quot;}\">\n\t\t\t\t\t\t<div class=\"elementor-container elementor-column-gap-default\">\n\t\t\t\t\t<div class=\"elementor-column elementor-col-100 elementor-top-column elementor-element elementor-element-ab8194f\" data-id=\"ab8194f\" data-element_type=\"column\">\n\t\t\t<div class=\"elementor-widget-wrap elementor-element-populated\">\n\t\t\t\t\t\t<div class=\"elementor-element elementor-element-3d4d9f5 elementor-widget elementor-widget-google_maps\" data-id=\"3d4d9f5\" data-element_type=\"widget\" data-widget_type=\"google_maps.default\">\n\t\t\t\t<div class=\"elementor-widget-container\">\n\t\t\t\t\t\t\t<div class=\"elementor-custom-embed\">\n\t\t\t<iframe loading=\"lazy\"\n\t\t\t\t\tsrc=\"https:\/\/maps.google.com\/maps?q=C.%20de%20las%20cuadrillas%2C%2014920%20Aguilar%20de%20la%20frontera%2C%20C%C3%B3rdoba%2C%20Espa%C3%B1a&#038;t=m&#038;z=15&#038;output=embed&#038;iwloc=near\"\n\t\t\t\t\ttitle=\"C. de las cuadrillas, 14920 Aguilar de la frontera, C\u00f3rdoba, Espa\u00f1a\"\n\t\t\t\t\taria-label=\"C. de las cuadrillas, 14920 Aguilar de la frontera, C\u00f3rdoba, Espa\u00f1a\"\n\t\t\t><\/iframe>\n\t\t<\/div>\n\t\t\t\t\t\t<\/div>\n\t\t\t\t<\/div>\n\t\t\t\t\t<\/div>\n\t\t<\/div>\n\t\t\t\t\t<\/div>\n\t\t<\/section>\n\t\t\t\t<\/div>\n\t\t","protected":false},"excerpt":{"rendered":"<p>Cont\u00e1ctanos Contacto Ponte en contacto con nosotros Email social@santaceciliadeaguilar.com Tel\u00e9fono (+34) 664 06 23 97 Direcci\u00f3n C. de las Cuadrillas, 14920 Aguilar de la Frontera, C\u00f3rdoba, Espa\u00f1a Nombre y Apellidos [&hellip;]<\/p>\n","protected":false},"author":1,"featured_media":0,"parent":0,"menu_order":0,"comment_status":"closed","ping_status":"closed","template":"","meta":{"_joinchat":[],"footnotes":""},"class_list":["post-989","page","type-page","status-publish","hentry","rishi-post","no-post-thumbnail"],"rishi__cb_customizer_meta":{"page_title_panel":"","page_title_hero_section":"default","breadcrumbs_single_page":"no","single_page_alignment":"left","single_page_margin":{"desktop":50,"tablet":30,"mobile":30},"5801c41b8493e10c5cfd8031899281d2":"","page_structure_type":"default-sidebar","bc4cd639b87b66420809ac448cd735de":"","content_style_source":"inherit","content_style":"box-layout","blog_page_streched_ed":"no","vertical_spacing_source":"custom","content_area_spacing":"none","single_page_content_background":{"background_type":"color","background_pattern":"type-1","background_image":{"attachment_id":null,"x":0,"y":0},"gradient":"linear-gradient(135deg,rgba(6,147,227,1) 0%,rgb(155,81,224) 100%)","background_repeat":"no-repeat","background_size":"auto","background_attachment":"scroll","patternColor":{"default":{"color":"#e5e7ea"}},"overlayColor":{"default":{"color":"CT_CSS_SKIP_RULE"}},"backgroundColor":{"default":{"color":"var(--paletteColor5)"}}},"single_page_content_boxed_shadow":{"inherit":false,"blur":18,"spread":-6,"v_offset":12,"h_offset":0,"inset":false,"enable":false,"color":{"color":"rgba(34, 56, 101, 0.04)"}},"single_page_boxed_content_spacing":{"top":"40px","bottom":"40px","left":"40px","right":"40px","linked":true},"single_page_content_boxed_radius":{"top":"3px","bottom":"3px","left":"3px","right":"3px","linked":true},"1ca0d4b3772d294977ec5b8d23e8a10f":"","disable_featured_image":"no","disable_comments":"no","disable_header":"no","disable_footer":"no"},"_links":{"self":[{"href":"https:\/\/santaceciliadeaguilar.com\/index.php?rest_route=\/wp\/v2\/pages\/989","targetHints":{"allow":["GET"]}}],"collection":[{"href":"https:\/\/santaceciliadeaguilar.com\/index.php?rest_route=\/wp\/v2\/pages"}],"about":[{"href":"https:\/\/santaceciliadeaguilar.com\/index.php?rest_route=\/wp\/v2\/types\/page"}],"author":[{"embeddable":true,"href":"https:\/\/santaceciliadeaguilar.com\/index.php?rest_route=\/wp\/v2\/users\/1"}],"replies":[{"embeddable":true,"href":"https:\/\/santaceciliadeaguilar.com\/index.php?rest_route=%2Fwp%2Fv2%2Fcomments&post=989"}],"version-history":[{"count":43,"href":"https:\/\/santaceciliadeaguilar.com\/index.php?rest_route=\/wp\/v2\/pages\/989\/revisions"}],"predecessor-version":[{"id":1698,"href":"https:\/\/santaceciliadeaguilar.com\/index.php?rest_route=\/wp\/v2\/pages\/989\/revisions\/1698"}],"wp:attachment":[{"href":"https:\/\/santaceciliadeaguilar.com\/index.php?rest_route=%2Fwp%2Fv2%2Fmedia&parent=989"}],"curies":[{"name":"wp","href":"https:\/\/api.w.org\/{rel}","templated":true}]}}