{"id":9,"date":"2022-03-11T12:53:21","date_gmt":"2022-03-11T12:53:21","guid":{"rendered":"https:\/\/prep.santaceciliadeaguilar.com\/?page_id=9"},"modified":"2024-09-09T16:03:49","modified_gmt":"2024-09-09T14:03:49","slug":"home","status":"publish","type":"page","link":"https:\/\/santaceciliadeaguilar.com\/","title":{"rendered":"Home"},"content":{"rendered":"\t\t<div data-elementor-type=\"wp-page\" data-elementor-id=\"9\" class=\"elementor elementor-9\">\n\t\t\t\t\t\t<section class=\"elementor-section elementor-top-section elementor-element elementor-element-5f6f294 elementor-reverse-mobile elementor-section-boxed elementor-section-height-default elementor-section-height-default\" data-id=\"5f6f294\" data-element_type=\"section\" data-settings=\"{&quot;background_background&quot;:&quot;classic&quot;}\">\n\t\t\t\t\t\t\t<div class=\"elementor-background-overlay\"><\/div>\n\t\t\t\t\t\t\t<div class=\"elementor-container elementor-column-gap-default\">\n\t\t\t\t\t<div class=\"elementor-column elementor-col-50 elementor-top-column elementor-element elementor-element-d5a5eb6\" data-id=\"d5a5eb6\" data-element_type=\"column\" data-settings=\"{&quot;background_background&quot;:&quot;classic&quot;}\">\n\t\t\t<div class=\"elementor-widget-wrap elementor-element-populated\">\n\t\t\t\t\t\t<div class=\"elementor-element elementor-element-6f54d9c elementor-widget elementor-widget-heading\" data-id=\"6f54d9c\" data-element_type=\"widget\" data-widget_type=\"heading.default\">\n\t\t\t\t<div class=\"elementor-widget-container\">\n\t\t\t\t\t<h1 class=\"elementor-heading-title elementor-size-default\">Agrupaci\u00f3n Musical Santa Cecilia<\/h1>\t\t\t\t<\/div>\n\t\t\t\t<\/div>\n\t\t\t\t<div class=\"elementor-element elementor-element-055dd17 elementor-widget elementor-widget-text-editor\" data-id=\"055dd17\" data-element_type=\"widget\" data-widget_type=\"text-editor.default\">\n\t\t\t\t<div class=\"elementor-widget-container\">\n\t\t\t\t\t\t\t\t\t<p>Aguilar de la Frontera, C\u00f3rdoba<\/p>\t\t\t\t\t\t\t\t<\/div>\n\t\t\t\t<\/div>\n\t\t\t\t<div class=\"elementor-element elementor-element-3dfdcb5 elementor-widget__width-auto elementor-widget elementor-widget-button\" data-id=\"3dfdcb5\" data-element_type=\"widget\" data-widget_type=\"button.default\">\n\t\t\t\t<div class=\"elementor-widget-container\">\n\t\t\t\t\t\t\t\t\t<div class=\"elementor-button-wrapper\">\n\t\t\t\t\t<a class=\"elementor-button elementor-button-link elementor-size-sm\" href=\"https:\/\/santaceciliadeaguilar.com\/?page_id=989\">\n\t\t\t\t\t\t<span class=\"elementor-button-content-wrapper\">\n\t\t\t\t\t\t<span class=\"elementor-button-icon\">\n\t\t\t\t<i aria-hidden=\"true\" class=\"fas fa-angle-right\"><\/i>\t\t\t<\/span>\n\t\t\t\t\t\t\t\t\t<span class=\"elementor-button-text\">Contacta con nosotros<\/span>\n\t\t\t\t\t<\/span>\n\t\t\t\t\t<\/a>\n\t\t\t\t<\/div>\n\t\t\t\t\t\t\t\t<\/div>\n\t\t\t\t<\/div>\n\t\t\t\t\t<\/div>\n\t\t<\/div>\n\t\t\t\t<div class=\"elementor-column elementor-col-50 elementor-top-column elementor-element elementor-element-48c61dc elementor-hidden-mobile\" data-id=\"48c61dc\" data-element_type=\"column\">\n\t\t\t<div class=\"elementor-widget-wrap\">\n\t\t\t\t\t\t\t<\/div>\n\t\t<\/div>\n\t\t\t\t\t<\/div>\n\t\t<\/section>\n\t\t\t\t<section class=\"elementor-section elementor-top-section elementor-element elementor-element-ab0359e elementor-section-boxed elementor-section-height-default elementor-section-height-default elementor-invisible\" data-id=\"ab0359e\" data-element_type=\"section\" data-settings=\"{&quot;animation&quot;:&quot;fadeInLeft&quot;}\">\n\t\t\t\t\t\t<div class=\"elementor-container elementor-column-gap-default\">\n\t\t\t\t\t<div class=\"elementor-column elementor-col-33 elementor-top-column elementor-element elementor-element-4a8b2c1\" data-id=\"4a8b2c1\" data-element_type=\"column\" data-settings=\"{&quot;background_background&quot;:&quot;classic&quot;}\">\n\t\t\t<div class=\"elementor-widget-wrap elementor-element-populated\">\n\t\t\t\t\t\t<div class=\"elementor-element elementor-element-95846ee elementor-widget elementor-widget-image\" data-id=\"95846ee\" data-element_type=\"widget\" data-widget_type=\"image.default\">\n\t\t\t\t<div class=\"elementor-widget-container\">\n\t\t\t\t\t\t\t\t\t\t\t\t\t\t\t<img fetchpriority=\"high\" decoding=\"async\" width=\"500\" height=\"410\" src=\"https:\/\/santaceciliadeaguilar.com\/wp-content\/uploads\/2024\/09\/WhatsApp-Image-2024-09-03-at-13.39.05-3-500x410.jpeg\" class=\"attachment-meafe-featured-page size-meafe-featured-page wp-image-1801\" alt=\"\" \/>\t\t\t\t\t\t\t\t\t\t\t\t\t\t\t<\/div>\n\t\t\t\t<\/div>\n\t\t\t\t<section class=\"elementor-section elementor-inner-section elementor-element elementor-element-7bb7fb4 elementor-section-boxed elementor-section-height-default elementor-section-height-default\" data-id=\"7bb7fb4\" data-element_type=\"section\">\n\t\t\t\t\t\t<div class=\"elementor-container elementor-column-gap-default\">\n\t\t\t\t\t<div class=\"elementor-column elementor-col-100 elementor-inner-column elementor-element elementor-element-2cbf898\" data-id=\"2cbf898\" data-element_type=\"column\" data-settings=\"{&quot;background_background&quot;:&quot;classic&quot;}\">\n\t\t\t<div class=\"elementor-widget-wrap elementor-element-populated\">\n\t\t\t\t\t\t<div class=\"elementor-element elementor-element-66d5dda elementor-widget__width-inherit elementor-widget elementor-widget-heading\" data-id=\"66d5dda\" data-element_type=\"widget\" data-widget_type=\"heading.default\">\n\t\t\t\t<div class=\"elementor-widget-container\">\n\t\t\t\t\t<h5 class=\"elementor-heading-title elementor-size-large\"><a href=\"https:\/\/santaceciliadeaguilar.com\/?page_id=119\">Nuestra Historia<\/a><\/h5>\t\t\t\t<\/div>\n\t\t\t\t<\/div>\n\t\t\t\t\t<\/div>\n\t\t<\/div>\n\t\t\t\t\t<\/div>\n\t\t<\/section>\n\t\t\t\t\t<\/div>\n\t\t<\/div>\n\t\t\t\t<div class=\"elementor-column elementor-col-33 elementor-top-column elementor-element elementor-element-5dd2d38\" data-id=\"5dd2d38\" data-element_type=\"column\" data-settings=\"{&quot;background_background&quot;:&quot;classic&quot;}\">\n\t\t\t<div class=\"elementor-widget-wrap elementor-element-populated\">\n\t\t\t\t\t\t<div class=\"elementor-element elementor-element-3370435 elementor-widget elementor-widget-image\" data-id=\"3370435\" data-element_type=\"widget\" data-widget_type=\"image.default\">\n\t\t\t\t<div class=\"elementor-widget-container\">\n\t\t\t\t\t\t\t\t\t\t\t\t\t\t\t<img decoding=\"async\" width=\"1338\" height=\"993\" src=\"https:\/\/santaceciliadeaguilar.com\/wp-content\/uploads\/2024\/09\/WhatsApp-Image-2024-09-03-at-13.39.03-1-e1725888995176.jpeg\" class=\"attachment-full size-full wp-image-1803\" alt=\"\" srcset=\"https:\/\/santaceciliadeaguilar.com\/wp-content\/uploads\/2024\/09\/WhatsApp-Image-2024-09-03-at-13.39.03-1-e1725888995176.jpeg 1338w, https:\/\/santaceciliadeaguilar.com\/wp-content\/uploads\/2024\/09\/WhatsApp-Image-2024-09-03-at-13.39.03-1-e1725888995176-300x223.jpeg 300w, https:\/\/santaceciliadeaguilar.com\/wp-content\/uploads\/2024\/09\/WhatsApp-Image-2024-09-03-at-13.39.03-1-e1725888995176-1024x760.jpeg 1024w, https:\/\/santaceciliadeaguilar.com\/wp-content\/uploads\/2024\/09\/WhatsApp-Image-2024-09-03-at-13.39.03-1-e1725888995176-768x570.jpeg 768w\" sizes=\"(max-width: 1338px) 100vw, 1338px\" \/>\t\t\t\t\t\t\t\t\t\t\t\t\t\t\t<\/div>\n\t\t\t\t<\/div>\n\t\t\t\t<section class=\"elementor-section elementor-inner-section elementor-element elementor-element-4889664 elementor-section-boxed elementor-section-height-default elementor-section-height-default\" data-id=\"4889664\" data-element_type=\"section\">\n\t\t\t\t\t\t<div class=\"elementor-container elementor-column-gap-default\">\n\t\t\t\t\t<div class=\"elementor-column elementor-col-100 elementor-inner-column elementor-element elementor-element-9ba5c7c\" data-id=\"9ba5c7c\" data-element_type=\"column\" data-settings=\"{&quot;background_background&quot;:&quot;classic&quot;}\">\n\t\t\t<div class=\"elementor-widget-wrap elementor-element-populated\">\n\t\t\t\t\t\t<div class=\"elementor-element elementor-element-4356212 elementor-widget elementor-widget-heading\" data-id=\"4356212\" data-element_type=\"widget\" data-widget_type=\"heading.default\">\n\t\t\t\t<div class=\"elementor-widget-container\">\n\t\t\t\t\t<h5 class=\"elementor-heading-title elementor-size-large\"><a href=\"https:\/\/santaceciliadeaguilar.com\/?page_id=1270\">Repertorio<\/a><\/h5>\t\t\t\t<\/div>\n\t\t\t\t<\/div>\n\t\t\t\t\t<\/div>\n\t\t<\/div>\n\t\t\t\t\t<\/div>\n\t\t<\/section>\n\t\t\t\t\t<\/div>\n\t\t<\/div>\n\t\t\t\t<div class=\"elementor-column elementor-col-33 elementor-top-column elementor-element elementor-element-0e52f58\" data-id=\"0e52f58\" data-element_type=\"column\" data-settings=\"{&quot;background_background&quot;:&quot;classic&quot;}\">\n\t\t\t<div class=\"elementor-widget-wrap elementor-element-populated\">\n\t\t\t\t\t\t<div class=\"elementor-element elementor-element-65aa50f elementor-widget elementor-widget-image\" data-id=\"65aa50f\" data-element_type=\"widget\" data-widget_type=\"image.default\">\n\t\t\t\t<div class=\"elementor-widget-container\">\n\t\t\t\t\t\t\t\t\t\t\t\t\t\t\t<img decoding=\"async\" width=\"1170\" height=\"650\" src=\"https:\/\/santaceciliadeaguilar.com\/wp-content\/uploads\/2024\/09\/WhatsApp-Image-2024-09-03-at-13.39.05-1170x650.jpeg\" class=\"attachment-rishi-fullwidth size-rishi-fullwidth wp-image-1804\" alt=\"\" \/>\t\t\t\t\t\t\t\t\t\t\t\t\t\t\t<\/div>\n\t\t\t\t<\/div>\n\t\t\t\t<div class=\"elementor-element elementor-element-7fe5379 elementor-widget elementor-widget-heading\" data-id=\"7fe5379\" data-element_type=\"widget\" data-widget_type=\"heading.default\">\n\t\t\t\t<div class=\"elementor-widget-container\">\n\t\t\t\t\t<h5 class=\"elementor-heading-title elementor-size-large\"><a href=\"https:\/\/santaceciliadeaguilar.com\/?page_id=1295\">Semana Santa<\/a><\/h5>\t\t\t\t<\/div>\n\t\t\t\t<\/div>\n\t\t\t\t\t<\/div>\n\t\t<\/div>\n\t\t\t\t\t<\/div>\n\t\t<\/section>\n\t\t\t\t<section class=\"elementor-section elementor-top-section elementor-element elementor-element-e23584d elementor-section-content-middle elementor-section-boxed elementor-section-height-default elementor-section-height-default elementor-invisible\" data-id=\"e23584d\" data-element_type=\"section\" data-settings=\"{&quot;animation&quot;:&quot;fadeInRight&quot;}\">\n\t\t\t\t\t\t<div class=\"elementor-container elementor-column-gap-default\">\n\t\t\t\t\t<div class=\"elementor-column elementor-col-50 elementor-top-column elementor-element elementor-element-59f5b6b\" data-id=\"59f5b6b\" data-element_type=\"column\">\n\t\t\t<div class=\"elementor-widget-wrap elementor-element-populated\">\n\t\t\t\t\t\t<div class=\"elementor-element elementor-element-040383a elementor-widget elementor-widget-text-editor\" data-id=\"040383a\" data-element_type=\"widget\" data-widget_type=\"text-editor.default\">\n\t\t\t\t<div class=\"elementor-widget-container\">\n\t\t\t\t\t\t\t\t\t<p>Discograf\u00eda<\/p>\t\t\t\t\t\t\t\t<\/div>\n\t\t\t\t<\/div>\n\t\t\t\t<div class=\"elementor-element elementor-element-eaf4ffe elementor-widget elementor-widget-heading\" data-id=\"eaf4ffe\" data-element_type=\"widget\" data-widget_type=\"heading.default\">\n\t\t\t\t<div class=\"elementor-widget-container\">\n\t\t\t\t\t<h2 class=\"elementor-heading-title elementor-size-default\">1er Trabajo discogr\u00e1fico: A ti me encomiendo<\/h2>\t\t\t\t<\/div>\n\t\t\t\t<\/div>\n\t\t\t\t<div class=\"elementor-element elementor-element-5e7ffa9 elementor-widget elementor-widget-text-editor\" data-id=\"5e7ffa9\" data-element_type=\"widget\" data-widget_type=\"text-editor.default\">\n\t\t\t\t<div class=\"elementor-widget-container\">\n\t\t\t\t\t\t\t\t\t<p>Ya a la venta nuestro primer trabajo discogr\u00e1fico titulado \u00abA Ti me encomiendo\u00bb grabado en los estudios \u00abAlta Frecuencia\u00bb de Sevilla y disponible para su compra a un precio de 10 \u20ac no incluidos gastos de env\u00edo.<\/p>\t\t\t\t\t\t\t\t<\/div>\n\t\t\t\t<\/div>\n\t\t\t\t<div class=\"elementor-element elementor-element-36ad2b6 elementor-align-left elementor-widget elementor-widget-button\" data-id=\"36ad2b6\" data-element_type=\"widget\" data-widget_type=\"button.default\">\n\t\t\t\t<div class=\"elementor-widget-container\">\n\t\t\t\t\t\t\t\t\t<div class=\"elementor-button-wrapper\">\n\t\t\t\t\t<a class=\"elementor-button elementor-button-link elementor-size-sm\" href=\"https:\/\/santaceciliadeaguilar.com\/?page_id=1336\">\n\t\t\t\t\t\t<span class=\"elementor-button-content-wrapper\">\n\t\t\t\t\t\t<span class=\"elementor-button-icon\">\n\t\t\t\t<i aria-hidden=\"true\" class=\"fas fa-angle-right\"><\/i>\t\t\t<\/span>\n\t\t\t\t\t\t\t\t\t<span class=\"elementor-button-text\">Comprar<\/span>\n\t\t\t\t\t<\/span>\n\t\t\t\t\t<\/a>\n\t\t\t\t<\/div>\n\t\t\t\t\t\t\t\t<\/div>\n\t\t\t\t<\/div>\n\t\t\t\t\t<\/div>\n\t\t<\/div>\n\t\t\t\t<div class=\"elementor-column elementor-col-50 elementor-top-column elementor-element elementor-element-3be4950\" data-id=\"3be4950\" data-element_type=\"column\">\n\t\t\t<div class=\"elementor-widget-wrap elementor-element-populated\">\n\t\t\t\t\t\t<div class=\"elementor-element elementor-element-7121862 elementor-widget elementor-widget-image\" data-id=\"7121862\" data-element_type=\"widget\" data-widget_type=\"image.default\">\n\t\t\t\t<div class=\"elementor-widget-container\">\n\t\t\t\t\t\t\t\t\t\t\t\t\t\t\t<img loading=\"lazy\" decoding=\"async\" width=\"300\" height=\"300\" src=\"https:\/\/santaceciliadeaguilar.com\/wp-content\/uploads\/2022\/06\/portada-disco.jpeg\" class=\"attachment-full size-full wp-image-1188\" alt=\"\" srcset=\"https:\/\/santaceciliadeaguilar.com\/wp-content\/uploads\/2022\/06\/portada-disco.jpeg 300w, https:\/\/santaceciliadeaguilar.com\/wp-content\/uploads\/2022\/06\/portada-disco-150x150.jpeg 150w, https:\/\/santaceciliadeaguilar.com\/wp-content\/uploads\/2022\/06\/portada-disco-270x270.jpeg 270w, https:\/\/santaceciliadeaguilar.com\/wp-content\/uploads\/2022\/06\/portada-disco-170x170.jpeg 170w\" sizes=\"(max-width: 300px) 100vw, 300px\" \/>\t\t\t\t\t\t\t\t\t\t\t\t\t\t\t<\/div>\n\t\t\t\t<\/div>\n\t\t\t\t\t<\/div>\n\t\t<\/div>\n\t\t\t\t\t<\/div>\n\t\t<\/section>\n\t\t\t\t<section class=\"elementor-section elementor-top-section elementor-element elementor-element-94f7c8c elementor-section-boxed elementor-section-height-default elementor-section-height-default\" data-id=\"94f7c8c\" data-element_type=\"section\" data-settings=\"{&quot;background_background&quot;:&quot;classic&quot;}\">\n\t\t\t\t\t\t<div class=\"elementor-container elementor-column-gap-default\">\n\t\t\t\t\t<div class=\"elementor-column elementor-col-100 elementor-top-column elementor-element elementor-element-7e5e759\" data-id=\"7e5e759\" data-element_type=\"column\">\n\t\t\t<div class=\"elementor-widget-wrap elementor-element-populated\">\n\t\t\t\t\t\t<section class=\"elementor-section elementor-inner-section elementor-element elementor-element-af08848 elementor-section-boxed elementor-section-height-default elementor-section-height-default elementor-invisible\" data-id=\"af08848\" data-element_type=\"section\" data-settings=\"{&quot;animation&quot;:&quot;fadeInLeft&quot;}\">\n\t\t\t\t\t\t<div class=\"elementor-container elementor-column-gap-default\">\n\t\t\t\t\t<div class=\"elementor-column elementor-col-100 elementor-inner-column elementor-element elementor-element-3ca18dd\" data-id=\"3ca18dd\" data-element_type=\"column\">\n\t\t\t<div class=\"elementor-widget-wrap elementor-element-populated\">\n\t\t\t\t\t\t<div class=\"elementor-element elementor-element-007acb2 elementor-widget elementor-widget-text-editor\" data-id=\"007acb2\" data-element_type=\"widget\" data-widget_type=\"text-editor.default\">\n\t\t\t\t<div class=\"elementor-widget-container\">\n\t\t\t\t\t\t\t\t\t<p>Noticias<\/p>\t\t\t\t\t\t\t\t<\/div>\n\t\t\t\t<\/div>\n\t\t\t\t<div class=\"elementor-element elementor-element-0b4f7a6 elementor-widget elementor-widget-heading\" data-id=\"0b4f7a6\" data-element_type=\"widget\" data-widget_type=\"heading.default\">\n\t\t\t\t<div class=\"elementor-widget-container\">\n\t\t\t\t\t<h2 class=\"elementor-heading-title elementor-size-default\">\u00daltimas noticias<\/h2>\t\t\t\t<\/div>\n\t\t\t\t<\/div>\n\t\t\t\t\t<\/div>\n\t\t<\/div>\n\t\t\t\t\t<\/div>\n\t\t<\/section>\n\t\t\t\t<section class=\"elementor-section elementor-inner-section elementor-element elementor-element-6492797 elementor-section-boxed elementor-section-height-default elementor-section-height-default elementor-invisible\" data-id=\"6492797\" data-element_type=\"section\" data-settings=\"{&quot;animation&quot;:&quot;fadeInLeft&quot;}\">\n\t\t\t\t\t\t<div class=\"elementor-container elementor-column-gap-default\">\n\t\t\t\t\t<div class=\"elementor-column elementor-col-100 elementor-inner-column elementor-element elementor-element-a3dd850\" data-id=\"a3dd850\" data-element_type=\"column\">\n\t\t\t<div class=\"elementor-widget-wrap elementor-element-populated\">\n\t\t\t\t\t\t<div class=\"elementor-element elementor-element-e8c7efa meafe-blog-alignment-left elementor-widget elementor-widget-meafe-blog\" data-id=\"e8c7efa\" data-element_type=\"widget\" data-settings=\"{&quot;_animation&quot;:&quot;none&quot;}\" data-widget_type=\"meafe-blog.default\">\n\t\t\t\t<div class=\"elementor-widget-container\">\n\t\t\t\t\t<div id=\"meafe-post-grid-e8c7efa\" class=\"meafe-blog-wrapper layout-4\">\n            <div class=\"meafe-blog-innerwrapper\">\n                <div class=\"meafe-blog-card\" data-id=\"1759\">\n                    <div class=\"meafe-blog-card-inner\"><figure class=\"meafe-entry-media image-wrapper\"><a class=\"meafe-grid-post-link\" href=\"https:\/\/santaceciliadeaguilar.com\/?p=1759\" title=\"Nueva Uniformidad\"><img loading=\"lazy\" decoding=\"async\" width=\"370\" height=\"247\" src=\"https:\/\/santaceciliadeaguilar.com\/wp-content\/uploads\/2024\/09\/WhatsApp-Image-2024-09-03-at-13.39.04-2-370x247.jpeg\" class=\"attachment-meafe-blog-one size-meafe-blog-one\" alt=\"\" srcset=\"https:\/\/santaceciliadeaguilar.com\/wp-content\/uploads\/2024\/09\/WhatsApp-Image-2024-09-03-at-13.39.04-2-370x247.jpeg 370w, https:\/\/santaceciliadeaguilar.com\/wp-content\/uploads\/2024\/09\/WhatsApp-Image-2024-09-03-at-13.39.04-2-300x200.jpeg 300w, https:\/\/santaceciliadeaguilar.com\/wp-content\/uploads\/2024\/09\/WhatsApp-Image-2024-09-03-at-13.39.04-2-1024x682.jpeg 1024w, https:\/\/santaceciliadeaguilar.com\/wp-content\/uploads\/2024\/09\/WhatsApp-Image-2024-09-03-at-13.39.04-2-768x512.jpeg 768w, https:\/\/santaceciliadeaguilar.com\/wp-content\/uploads\/2024\/09\/WhatsApp-Image-2024-09-03-at-13.39.04-2-270x180.jpeg 270w, https:\/\/santaceciliadeaguilar.com\/wp-content\/uploads\/2024\/09\/WhatsApp-Image-2024-09-03-at-13.39.04-2-1536x1023.jpeg 1536w, https:\/\/santaceciliadeaguilar.com\/wp-content\/uploads\/2024\/09\/WhatsApp-Image-2024-09-03-at-13.39.04-2-360x240.jpeg 360w, https:\/\/santaceciliadeaguilar.com\/wp-content\/uploads\/2024\/09\/WhatsApp-Image-2024-09-03-at-13.39.04-2.jpeg 1600w\" sizes=\"(max-width: 370px) 100vw, 370px\" \/><\/a><\/figure><div class=\"meafe-entry-wrapper category--main\"><span class=\"category--wrapper\" itemprop=\"about\"><a href=\"https:\/\/santaceciliadeaguilar.com\/?cat=9\" rel=\"category\">Actualidad<\/a><\/span><h2 class=\"meafe-entry-title\"><a class=\"meafe-grid-post-link\" href=\"https:\/\/santaceciliadeaguilar.com\/?p=1759\" title=\"Nueva Uniformidad\">Nueva Uniformidad<\/a><\/h2><div class=\"meafe-entry-meta details\"><div class=\"meafe-posted-on meafe-date\"><time datetime=\"20 de abril de 2023\">20 de abril de 2023<\/time><\/div><\/div><div class=\"meafe-entry-content meafe-content\">\n                                    <p>En la ya pasada semana de pasi\u00f3n 2023 tuvimos el...<\/p><\/div><\/div><\/div>\n                <\/div><div class=\"meafe-blog-card\" data-id=\"1742\">\n                    <div class=\"meafe-blog-card-inner\"><figure class=\"meafe-entry-media image-wrapper\"><a class=\"meafe-grid-post-link\" href=\"https:\/\/santaceciliadeaguilar.com\/?p=1742\" title=\"Lanzamiento de la nueva web\"><img loading=\"lazy\" decoding=\"async\" width=\"370\" height=\"247\" src=\"https:\/\/santaceciliadeaguilar.com\/wp-content\/uploads\/2022\/06\/Escudo-Oro-2-sin-fondo-370x247.png\" class=\"attachment-meafe-blog-one size-meafe-blog-one\" alt=\"\" srcset=\"https:\/\/santaceciliadeaguilar.com\/wp-content\/uploads\/2022\/06\/Escudo-Oro-2-sin-fondo-370x247.png 370w, https:\/\/santaceciliadeaguilar.com\/wp-content\/uploads\/2022\/06\/Escudo-Oro-2-sin-fondo-270x180.png 270w, https:\/\/santaceciliadeaguilar.com\/wp-content\/uploads\/2022\/06\/Escudo-Oro-2-sin-fondo-360x240.png 360w\" sizes=\"(max-width: 370px) 100vw, 370px\" \/><\/a><\/figure><div class=\"meafe-entry-wrapper category--main\"><span class=\"category--wrapper\" itemprop=\"about\"><a href=\"https:\/\/santaceciliadeaguilar.com\/?cat=9\" rel=\"category\">Actualidad<\/a><\/span><h2 class=\"meafe-entry-title\"><a class=\"meafe-grid-post-link\" href=\"https:\/\/santaceciliadeaguilar.com\/?p=1742\" title=\"Lanzamiento de la nueva web\">Lanzamiento de la nueva web<\/a><\/h2><div class=\"meafe-entry-meta details\"><div class=\"meafe-posted-on meafe-date\"><time datetime=\"28 de marzo de 2023\">28 de marzo de 2023<\/time><\/div><\/div><div class=\"meafe-entry-content meafe-content\">\n                                    <p>\u00a1Estamos de estreno! Bienvenidos a la nueva p\u00e1gina web de...<\/p><\/div><\/div><\/div>\n                <\/div>\n            <\/div>\n        <\/div><div class=\"meafe-load-more-button-wrap\">\n                <a href=\"https:\/\/santaceciliadeaguilar.com\/?page_id=130\" class = \"meafe-load-more-button\">Leer m\u00e1s<\/a>\n            <\/div>\t\t\t\t<\/div>\n\t\t\t\t<\/div>\n\t\t\t\t\t<\/div>\n\t\t<\/div>\n\t\t\t\t\t<\/div>\n\t\t<\/section>\n\t\t\t\t\t<\/div>\n\t\t<\/div>\n\t\t\t\t\t<\/div>\n\t\t<\/section>\n\t\t\t\t<\/div>\n\t\t","protected":false},"excerpt":{"rendered":"<p>Agrupaci\u00f3n Musical Santa Cecilia Aguilar de la Frontera, C\u00f3rdoba Contacta con nosotros Nuestra Historia Repertorio Semana Santa Discograf\u00eda 1er Trabajo discogr\u00e1fico: A ti me encomiendo Ya a la venta nuestro [&hellip;]<\/p>\n","protected":false},"author":1,"featured_media":0,"parent":0,"menu_order":0,"comment_status":"closed","ping_status":"closed","template":"elementor_header_footer","meta":{"_joinchat":[],"footnotes":""},"class_list":["post-9","page","type-page","status-publish","hentry","rishi-post","no-post-thumbnail"],"rishi__cb_customizer_meta":{"page_title_panel":"","page_title_hero_section":"default","breadcrumbs_single_page":"no","single_page_alignment":"left","single_page_margin":{"desktop":50,"tablet":30,"mobile":30},"54adcdf066f9da13cb1de318066fe4e8":"","page_structure_type":"default-sidebar","dd8a064fb5d3bebc36b6819770ce2a36":"","content_style_source":"inherit","content_style":"box-layout","blog_page_streched_ed":"no","vertical_spacing_source":"custom","content_area_spacing":"none","single_page_content_background":{"background_type":"color","background_pattern":"type-1","background_image":{"attachment_id":null,"x":0,"y":0},"gradient":"linear-gradient(135deg,rgba(6,147,227,1) 0%,rgb(155,81,224) 100%)","background_repeat":"no-repeat","background_size":"auto","background_attachment":"scroll","patternColor":{"default":{"color":"#e5e7ea"}},"overlayColor":{"default":{"color":"CT_CSS_SKIP_RULE"}},"backgroundColor":{"default":{"color":"var(--paletteColor5)"}}},"single_page_content_boxed_shadow":{"inherit":false,"blur":18,"spread":-6,"v_offset":12,"h_offset":0,"inset":false,"enable":false,"color":{"color":"rgba(34, 56, 101, 0.04)"}},"single_page_boxed_content_spacing":{"top":"40px","bottom":"40px","left":"40px","right":"40px","linked":true},"single_page_content_boxed_radius":{"top":"3px","bottom":"3px","left":"3px","right":"3px","linked":true},"826ff5aba88023d7a3d52432c6a79e14":"","disable_featured_image":"no","disable_comments":"no","disable_header":"no","disable_footer":"no"},"_links":{"self":[{"href":"https:\/\/santaceciliadeaguilar.com\/index.php?rest_route=\/wp\/v2\/pages\/9","targetHints":{"allow":["GET"]}}],"collection":[{"href":"https:\/\/santaceciliadeaguilar.com\/index.php?rest_route=\/wp\/v2\/pages"}],"about":[{"href":"https:\/\/santaceciliadeaguilar.com\/index.php?rest_route=\/wp\/v2\/types\/page"}],"author":[{"embeddable":true,"href":"https:\/\/santaceciliadeaguilar.com\/index.php?rest_route=\/wp\/v2\/users\/1"}],"replies":[{"embeddable":true,"href":"https:\/\/santaceciliadeaguilar.com\/index.php?rest_route=%2Fwp%2Fv2%2Fcomments&post=9"}],"version-history":[{"count":126,"href":"https:\/\/santaceciliadeaguilar.com\/index.php?rest_route=\/wp\/v2\/pages\/9\/revisions"}],"predecessor-version":[{"id":1838,"href":"https:\/\/santaceciliadeaguilar.com\/index.php?rest_route=\/wp\/v2\/pages\/9\/revisions\/1838"}],"wp:attachment":[{"href":"https:\/\/santaceciliadeaguilar.com\/index.php?rest_route=%2Fwp%2Fv2%2Fmedia&parent=9"}],"curies":[{"name":"wp","href":"https:\/\/api.w.org\/{rel}","templated":true}]}}