{"id":1241,"date":"2022-07-01T10:50:13","date_gmt":"2022-07-01T10:50:13","guid":{"rendered":"https:\/\/prep.santaceciliadeaguilar.com\/?page_id=1241"},"modified":"2024-09-09T15:47:49","modified_gmt":"2024-09-09T13:47:49","slug":"asociacion","status":"publish","type":"page","link":"https:\/\/santaceciliadeaguilar.com\/?page_id=1241","title":{"rendered":"Asociaci\u00f3n"},"content":{"rendered":"\t\t<div data-elementor-type=\"wp-page\" data-elementor-id=\"1241\" class=\"elementor elementor-1241\">\n\t\t\t\t\t\t<section class=\"elementor-section elementor-top-section elementor-element elementor-element-65cf2a6 elementor-section-height-min-height elementor-section-boxed elementor-section-height-default elementor-section-items-middle\" data-id=\"65cf2a6\" data-element_type=\"section\">\n\t\t\t\t\t\t\t<div class=\"elementor-background-overlay\"><\/div>\n\t\t\t\t\t\t\t<div class=\"elementor-container elementor-column-gap-default\">\n\t\t\t\t\t<div class=\"elementor-column elementor-col-100 elementor-top-column elementor-element elementor-element-d028ec1\" data-id=\"d028ec1\" data-element_type=\"column\">\n\t\t\t<div class=\"elementor-widget-wrap elementor-element-populated\">\n\t\t\t\t\t\t<div class=\"elementor-element elementor-element-1ea76e7 elementor-widget elementor-widget-heading\" data-id=\"1ea76e7\" data-element_type=\"widget\" data-widget_type=\"heading.default\">\n\t\t\t\t<div class=\"elementor-widget-container\">\n\t\t\t\t\t<h1 class=\"elementor-heading-title elementor-size-default\">Asociaci\u00f3n<\/h1>\t\t\t\t<\/div>\n\t\t\t\t<\/div>\n\t\t\t\t\t<\/div>\n\t\t<\/div>\n\t\t\t\t\t<\/div>\n\t\t<\/section>\n\t\t\t\t<section class=\"elementor-section elementor-top-section elementor-element elementor-element-1c6928a elementor-section-boxed elementor-section-height-default elementor-section-height-default\" data-id=\"1c6928a\" data-element_type=\"section\">\n\t\t\t\t\t\t<div class=\"elementor-container elementor-column-gap-default\">\n\t\t\t\t\t<div class=\"elementor-column elementor-col-100 elementor-top-column elementor-element elementor-element-927fc95\" data-id=\"927fc95\" data-element_type=\"column\">\n\t\t\t<div class=\"elementor-widget-wrap elementor-element-populated\">\n\t\t\t\t\t\t<div class=\"elementor-element elementor-element-1d537b2 elementor-widget elementor-widget-text-editor\" data-id=\"1d537b2\" data-element_type=\"widget\" data-widget_type=\"text-editor.default\">\n\t\t\t\t<div class=\"elementor-widget-container\">\n\t\t\t\t\t\t\t\t\t<h4><b>COMPOSICI\u00d3N DE LA JUNTA DIRECTIVA<\/b><\/h4>\n<blockquote>\n<p><b>PRESIDENTE<\/b>: Miguel \u00c1ngel Cabezas Zurera<\/p>\n<p><b style=\"background-color: var(--background-color); color: var(--primaryColor); font-family: var(--fontFamily); font-size: var(--fontSize); font-style: var(--fontStyle,inherit); letter-spacing: var(--letterSpacing); text-transform: var(--textTransform);\">VICEPRESIDENTE<\/b><span style=\"background-color: var(--background-color); color: var(--primaryColor); font-family: var(--fontFamily); font-size: var(--fontSize); font-style: var(--fontStyle,inherit); font-weight: var(--fontWeight,normal); letter-spacing: var(--letterSpacing); text-transform: var(--textTransform);\">: Manuel Mart\u00edn Lucena<\/span><\/p>\n<p><b style=\"font-family: var(--fontFamily); font-size: var(--fontSize); font-style: var(--fontStyle,inherit); letter-spacing: var(--letterSpacing); text-transform: var(--textTransform); color: var(--primaryColor); background-color: var(--background-color);\">SECRETARIO<\/b><span style=\"font-family: var(--fontFamily); font-size: var(--fontSize); font-style: var(--fontStyle,inherit); font-weight: var(--fontWeight,normal); letter-spacing: var(--letterSpacing); text-transform: var(--textTransform); color: var(--primaryColor); background-color: var(--background-color);\">: Rafael Pizarro Trujillo<\/span><\/p>\n<p><b style=\"color: var(--primaryColor); font-family: var(--fontFamily); font-size: var(--fontSize); font-style: var(--fontStyle,inherit); letter-spacing: var(--letterSpacing); text-transform: var(--textTransform); background-color: var(--background-color);\">VICESECRETARIO<\/b><span style=\"color: var(--primaryColor); font-family: var(--fontFamily); font-size: var(--fontSize); font-style: var(--fontStyle,inherit); font-weight: var(--fontWeight,normal); letter-spacing: var(--letterSpacing); text-transform: var(--textTransform); background-color: var(--background-color);\">:&nbsp;&nbsp;Iv\u00e1n Almeda P\u00e9rez<\/span><\/p>\n<p><b style=\"color: var(--primaryColor); font-family: var(--fontFamily); font-size: var(--fontSize); font-style: var(--fontStyle,inherit); letter-spacing: var(--letterSpacing); text-transform: var(--textTransform); background-color: var(--background-color);\">TESORERO<\/b><span style=\"color: var(--primaryColor); font-family: var(--fontFamily); font-size: var(--fontSize); font-style: var(--fontStyle,inherit); font-weight: var(--fontWeight,normal); letter-spacing: var(--letterSpacing); text-transform: var(--textTransform); background-color: var(--background-color);\">:&nbsp;Jes\u00fas Rafael Bujalance Mej\u00edas<\/span><\/p>\n<p><b style=\"color: var(--primaryColor); font-family: var(--fontFamily); font-size: var(--fontSize); font-style: var(--fontStyle,inherit); letter-spacing: var(--letterSpacing); text-transform: var(--textTransform); background-color: var(--background-color);\">VICETESORERO<\/b><span style=\"color: var(--primaryColor); font-family: var(--fontFamily); font-size: var(--fontSize); font-style: var(--fontStyle,inherit); font-weight: var(--fontWeight,normal); letter-spacing: var(--letterSpacing); text-transform: var(--textTransform); background-color: var(--background-color);\">:&nbsp;Rafael Jim\u00e9nez L\u00f3pez<\/span><\/p>\n<\/blockquote>\n<p><br><\/p>\n<p><\/p>\n<p><b>VOCALES DE ASOCIACI\u00d3N<\/b>:<\/p>\n<p><span style=\"background-color: var(--background-color); color: var(--primaryColor); font-family: var(--fontFamily); font-size: var(--fontSize); font-style: var(--fontStyle,inherit); font-weight: var(--fontWeight,normal); letter-spacing: var(--letterSpacing); text-transform: var(--textTransform);\">Rafael \u00c1lvarez Romero<\/span><br><\/p><p>Miguel Garc\u00eda Romero<\/p><p>Jos\u00e9 Pulido Pav\u00f3n<\/p><p>Manuel Varo Jim\u00e9nez<\/p><p>Alejandro Lucena Leiva<\/p><p><span style=\"background-color: var(--background-color); color: var(--primaryColor); font-family: var(--fontFamily); font-size: var(--fontSize); font-style: var(--fontStyle,inherit); font-weight: var(--fontWeight,normal); letter-spacing: var(--letterSpacing); text-transform: var(--textTransform);\">&nbsp;F\u00e9lix Casas Pedraza<\/span><\/p><p><span style=\"background-color: var(--background-color); color: var(--primaryColor); font-family: var(--fontFamily); font-size: var(--fontSize); font-style: var(--fontStyle,inherit); font-weight: var(--fontWeight,normal); letter-spacing: var(--letterSpacing); text-transform: var(--textTransform);\">Rub\u00e9n Melgarejo Toscano<\/span><\/p><p><span style=\"background-color: var(--background-color); color: var(--primaryColor); font-family: var(--fontFamily); font-size: var(--fontSize); font-style: var(--fontStyle,inherit); font-weight: var(--fontWeight,normal); letter-spacing: var(--letterSpacing); text-transform: var(--textTransform);\">Inmaculada Paniagua Rojas<\/span><\/p>\t\t\t\t\t\t\t\t<\/div>\n\t\t\t\t<\/div>\n\t\t\t\t\t<\/div>\n\t\t<\/div>\n\t\t\t\t\t<\/div>\n\t\t<\/section>\n\t\t\t\t<\/div>\n\t\t","protected":false},"excerpt":{"rendered":"<p>Asociaci\u00f3n COMPOSICI\u00d3N DE LA JUNTA DIRECTIVA PRESIDENTE: Miguel \u00c1ngel Cabezas Zurera VICEPRESIDENTE: Manuel Mart\u00edn Lucena SECRETARIO: Rafael Pizarro Trujillo VICESECRETARIO:&nbsp;&nbsp;Iv\u00e1n Almeda P\u00e9rez TESORERO:&nbsp;Jes\u00fas Rafael Bujalance Mej\u00edas VICETESORERO:&nbsp;Rafael Jim\u00e9nez L\u00f3pez VOCALES [&hellip;]<\/p>\n","protected":false},"author":2,"featured_media":1118,"parent":0,"menu_order":0,"comment_status":"closed","ping_status":"closed","template":"elementor_header_footer","meta":{"_joinchat":[],"footnotes":""},"class_list":["post-1241","page","type-page","status-publish","has-post-thumbnail","hentry","rishi-post"],"rishi__cb_customizer_meta":"","_links":{"self":[{"href":"https:\/\/santaceciliadeaguilar.com\/index.php?rest_route=\/wp\/v2\/pages\/1241","targetHints":{"allow":["GET"]}}],"collection":[{"href":"https:\/\/santaceciliadeaguilar.com\/index.php?rest_route=\/wp\/v2\/pages"}],"about":[{"href":"https:\/\/santaceciliadeaguilar.com\/index.php?rest_route=\/wp\/v2\/types\/page"}],"author":[{"embeddable":true,"href":"https:\/\/santaceciliadeaguilar.com\/index.php?rest_route=\/wp\/v2\/users\/2"}],"replies":[{"embeddable":true,"href":"https:\/\/santaceciliadeaguilar.com\/index.php?rest_route=%2Fwp%2Fv2%2Fcomments&post=1241"}],"version-history":[{"count":26,"href":"https:\/\/santaceciliadeaguilar.com\/index.php?rest_route=\/wp\/v2\/pages\/1241\/revisions"}],"predecessor-version":[{"id":1814,"href":"https:\/\/santaceciliadeaguilar.com\/index.php?rest_route=\/wp\/v2\/pages\/1241\/revisions\/1814"}],"wp:featuredmedia":[{"embeddable":true,"href":"https:\/\/santaceciliadeaguilar.com\/index.php?rest_route=\/wp\/v2\/media\/1118"}],"wp:attachment":[{"href":"https:\/\/santaceciliadeaguilar.com\/index.php?rest_route=%2Fwp%2Fv2%2Fmedia&parent=1241"}],"curies":[{"name":"wp","href":"https:\/\/api.w.org\/{rel}","templated":true}]}}